{"id":2120,"date":"2020-03-20T09:30:44","date_gmt":"2020-03-20T09:30:44","guid":{"rendered":"http:\/\/s817620470.online.de\/?page_id=2120"},"modified":"2020-08-04T15:44:33","modified_gmt":"2020-08-04T14:44:33","slug":"home","status":"publish","type":"page","link":"https:\/\/www.hinet.gmbh\/","title":{"rendered":"Home"},"content":{"rendered":"<section class=\"wpb-content-wrapper\"><p>[vc_row][vc_column width=&#8220;1\/4&#8243;][vc_single_image image=&#8220;2530&#8243; img_size=&#8220;medium&#8220; alignment=&#8220;center&#8220; onclick=&#8220;custom_link&#8220; link=&#8220;devicemanagement&#8220;][vc_column_text]<\/p>\n<h1 style=\"text-align: center;\"><span style=\"font-size: 14pt; font-family: tahoma, arial, helvetica, sans-serif; color: #777777;\">Device Management<\/span><\/h1>\n<p style=\"text-align: center;\"><span style=\"font-family: tahoma, arial, helvetica, sans-serif; color: #777777;\">Mobile Ger\u00e4te haben unseren Alltag und den in Unternehmen ver\u00e4ndert. Das Mobile Device Management ist hierbei die zentrale Verwaltung von mobilen Endger\u00e4ten.<\/span><\/p>\n<p>[\/vc_column_text][vc_column_text]<\/p>\n<p style=\"text-align: center;\"><span style=\"color: #000000;\"><a style=\"color: #000000; text-decoration: underline;\" href=\"https:\/\/www.hinet.gmbh\/devicemanagement\"><strong>mehr erfahren<\/strong><\/a><br \/>\n<\/span><\/p>\n<p>[\/vc_column_text][vc_column_text]<\/p>\n<p style=\"text-align: left;\"><span style=\"color: #ffffff;\">Hi.net<\/span><\/p>\n<p>[\/vc_column_text][\/vc_column][vc_column width=&#8220;1\/4&#8243;][vc_single_image image=&#8220;2528&#8243; img_size=&#8220;medium&#8220; alignment=&#8220;center&#8220; onclick=&#8220;custom_link&#8220; link=&#8220;microsoft-365&#8243;][vc_column_text]<\/p>\n<h1 style=\"text-align: center;\"><span style=\"font-family: tahoma, arial, helvetica, sans-serif; font-size: 14pt; color: #777777;\">Microsoft 365<\/span><\/h1>\n<p style=\"text-align: center;\"><span style=\"font-family: tahoma, arial, helvetica, sans-serif;\"><span style=\"color: #777777;\">Microsoft 365 ist der Sammelbegriff f\u00fcr die cloud-basierten Anwendungen der Microsoft Office Reihe. Diese haben sich in Ihrem Umfang stark weiterentwickelt.<\/span><br \/>\n<\/span><\/p>\n<p>[\/vc_column_text][vc_column_text]<\/p>\n<p style=\"text-align: center;\"><span style=\"color: #000000;\"><a style=\"color: #000000; text-decoration: underline;\" href=\"https:\/\/www.hinet.gmbh\/microsoft-365\"><strong>mehr erfahren<\/strong><\/a><br \/>\n<\/span><\/p>\n<p>[\/vc_column_text][vc_column_text]<\/p>\n<p style=\"text-align: left;\"><span style=\"color: #ffffff;\">Hi.net<\/span><\/p>\n<p>[\/vc_column_text][\/vc_column][vc_column width=&#8220;1\/4&#8243;][vc_single_image image=&#8220;2491&#8243; img_size=&#8220;medium&#8220; alignment=&#8220;center&#8220; onclick=&#8220;custom_link&#8220; link=&#8220;workshops&#8220;][vc_column_text]<\/p>\n<h1 style=\"text-align: center;\"><span style=\"font-size: 14pt; font-family: tahoma, arial, helvetica, sans-serif; color: #777777;\">Workshops<\/span><\/h1>\n<p style=\"text-align: center;\"><span style=\"font-family: tahoma, arial, helvetica, sans-serif; color: #777777;\">Auf Ihre Anforderungen zugeschnittene Workshops und Schulungen, damit Ihre wichtigste Ressource auch mit unseren L\u00f6sungen umgehen kann.<\/span><\/p>\n<p>[\/vc_column_text][vc_column_text]<\/p>\n<p style=\"text-align: center;\"><span style=\"color: #000000;\"><a style=\"color: #000000; text-decoration: underline;\" href=\"https:\/\/www.hinet.gmbh\/workshops\"><strong>mehr erfahren<\/strong><\/a><br \/>\n<\/span><\/p>\n<p>[\/vc_column_text][vc_column_text]<\/p>\n<p style=\"text-align: left;\"><span style=\"color: #ffffff;\">Hi.net<\/span><\/p>\n<p>[\/vc_column_text][\/vc_column][vc_column width=&#8220;1\/4&#8243;][vc_single_image image=&#8220;2524&#8243; img_size=&#8220;medium&#8220; alignment=&#8220;center&#8220; onclick=&#8220;custom_link&#8220; link=&#8220;managed-services&#8220;][vc_column_text]<\/p>\n<h1 style=\"text-align: center;\"><span style=\"font-size: 14pt; font-family: tahoma, arial, helvetica, sans-serif; color: #777777;\">Managed Services<br \/>\n<\/span><\/h1>\n<p style=\"text-align: center;\"><span style=\"font-family: tahoma, arial, helvetica, sans-serif;\"><span style=\"color: #777777;\">Wir unterst\u00fctzen Sie mit unseren Experten bei Ihren Implementierungen und Integrationen und bleiben auch dar\u00fcber hinaus f\u00fcr Sie da.<\/span><br \/>\n<\/span><\/p>\n<p>[\/vc_column_text][vc_column_text]<\/p>\n<p style=\"text-align: center;\"><span style=\"color: #000000;\"><a style=\"color: #000000; text-decoration: underline;\" href=\"https:\/\/www.hinet.gmbh\/managed-services\"><strong>mehr erfahren<\/strong><\/a><br \/>\n<\/span><\/p>\n<p>[\/vc_column_text][vc_column_text]<\/p>\n<p style=\"text-align: left;\"><span style=\"color: #ffffff;\">Hi.net<\/span><\/p>\n<p>[\/vc_column_text][\/vc_column][\/vc_row][vc_row][vc_column][vc_column_text]<\/p>\n<h1><\/h1>\n<p>&nbsp;<\/p>\n<h1><\/h1>\n<h1 style=\"text-align: center;\"><span style=\"font-family: tahoma, arial, helvetica, sans-serif; color: #777777; font-size: 25pt;\">Unser Leistungsportfolio mit 25 Jahren Erfahrung<\/span><\/h1>\n<p>&nbsp;<\/p>\n<p>[\/vc_column_text][\/vc_column][\/vc_row][vc_row][vc_column width=&#8220;1\/6&#8243;][\/vc_column][vc_column width=&#8220;2\/3&#8243;][vc_column_text]<\/p>\n<p style=\"text-align: justify;\"><span style=\"font-family: tahoma, arial, helvetica, sans-serif; font-size: 10pt; color: #777777;\">Die Unternehmung hi.net@ entstand vor circa 25 Jahren mit dem Ziel Kunden in IT-L\u00f6sungen bestm\u00f6glich zu beraten. Bekannt wurde das Unternehmen als Project-Company, dass seine Kunden auf das n\u00e4chste Level bringt.\u00a0 Das Portfolio der hi.net@ war schon fr\u00fch gepr\u00e4gt durch eine sehr breite Aufstellung im Bereich Telefonie und IT-Systeme. <\/span><\/p>\n<p style=\"text-align: justify;\"><span style=\"font-family: tahoma, arial, helvetica, sans-serif; font-size: 10pt; color: #777777;\">Mittlerweile haben wir uns auf Beratungsdienstleistungen in bestimmten Bereichen spezialisiert. <\/span><span style=\"font-family: tahoma, arial, helvetica, sans-serif; font-size: 10pt; color: #777777;\">Einer dieser Bereiche ist das Device Management, welches wir als Wissenstr\u00e4ger schon sehr lange betreuen. Vom Roll-out \u00fcber die Konfiguration bis hin zum kompletten Lifecycle \u00fcbernehmen wir ganze Prozessketten.<\/span><\/p>\n<p style=\"text-align: justify;\"><span style=\"font-family: tahoma, arial, helvetica, sans-serif; font-size: 10pt; color: #777777;\">Als Systemhaus ist die hi.net@ unter anderem kompetenter Ansprechpartner bei Cloud Dienstleistungen und Managed Services. Die Ausgliederung von einzelnen IT-Prozessen bis zur Auslagerung kompletter IT-Systeme in die Cloud betreuen wir mit individueller Beratung.<\/span><\/p>\n<p style=\"text-align: justify;\"><span style=\"font-family: tahoma, arial, helvetica, sans-serif; font-size: 10pt; color: #777777;\">Telefonie und Internet ist mittlerweile ein recht komplexes Konstrukt mit vielen M\u00f6glichkeiten und wird t\u00e4glich im Markt durch neue Technologien erweitert. Netzwerk-Technologien stellen somit ein weiteres Standbein unseres Portfolios da.<\/span><\/p>\n<p style=\"text-align: justify;\"><span style=\"font-family: tahoma, arial, helvetica, sans-serif; font-size: 10pt; color: #777777;\">Die Zufriedenheit unserer Kunden hat bei uns h\u00f6chste Priorit\u00e4t und wir sind stolz darauf, dass uns unsere Kunden seit vielen Jahren mehr Vertrauen schenken.<\/span><\/p>\n<p><span style=\"color: #777777; font-family: tahoma, arial, helvetica, sans-serif; font-size: 10pt;\">Wir w\u00fcrden uns freuen auch Sie bald als Kunden bei uns begr\u00fc\u00dfen zu d\u00fcrfen.<\/span><\/p>\n<p style=\"text-align: right;\"><span style=\"font-family: tahoma, arial, helvetica, sans-serif; font-size: 10pt; color: #777777;\">\u00a0\u00a0\u00a0\u00a0\u00a0\u00a0\u00a0\u00a0\u00a0\u00a0\u00a0\u00a0\u00a0\u00a0\u00a0\u00a0\u00a0\u00a0\u00a0\u00a0\u00a0\u00a0\u00a0\u00a0\u00a0\u00a0\u00a0\u00a0\u00a0\u00a0\u00a0\u00a0\u00a0\u00a0\u00a0\u00a0\u00a0\u00a0\u00a0\u00a0\u00a0\u00a0\u00a0\u00a0\u00a0\u00a0\u00a0\u00a0\u00a0\u00a0\u00a0\u00a0\u00a0\u00a0\u00a0\u00a0\u00a0\u00a0\u00a0\u00a0\u00a0\u00a0\u00a0\u00a0\u00a0\u00a0\u00a0\u00a0\u00a0\u00a0\u00a0\u00a0\u00a0\u00a0\u00a0\u00a0\u00a0\u00a0\u00a0\u00a0\u00a0\u00a0\u00a0 Ihr <\/span><span style=\"color: #777777; font-family: tahoma, arial, helvetica, sans-serif; font-size: 10pt;\">Pierre Schorb, Gesch\u00e4ftsf\u00fchrung.<br \/>\n<\/span><\/p>\n<p>[\/vc_column_text][\/vc_column][vc_column width=&#8220;1\/6&#8243;][\/vc_column][\/vc_row]<\/p>\n<\/section>","protected":false},"excerpt":{"rendered":"<p>[vc_row][vc_column width=&#8220;1\/4&#8243;][vc_single_image image=&#8220;2530&#8243; img_size=&#8220;medium&#8220; alignment=&#8220;center&#8220; onclick=&#8220;custom_link&#8220; link=&#8220;devicemanagement&#8220;][vc_column_text] Device Management Mobile Ger\u00e4te haben unseren Alltag und den in Unternehmen ver\u00e4ndert. Das Mobile Device Management ist hierbei die zentrale Verwaltung von mobilen Endger\u00e4ten. [\/vc_column_text][vc_column_text] mehr erfahren [\/vc_column_text][vc_column_text] Hi.net [\/vc_column_text][\/vc_column][vc_column width=&#8220;1\/4&#8243;][vc_single_image image=&#8220;2528&#8243; img_size=&#8220;medium&#8220; alignment=&#8220;center&#8220; onclick=&#8220;custom_link&#8220; link=&#8220;microsoft-365&#8243;][vc_column_text] Microsoft 365 Microsoft 365 ist der Sammelbegriff f\u00fcr die cloud-basierten Anwendungen der&hellip;<\/p>\n","protected":false},"author":2,"featured_media":0,"parent":0,"menu_order":0,"comment_status":"closed","ping_status":"closed","template":"","meta":[],"_links":{"self":[{"href":"https:\/\/www.hinet.gmbh\/index.php?rest_route=\/wp\/v2\/pages\/2120"}],"collection":[{"href":"https:\/\/www.hinet.gmbh\/index.php?rest_route=\/wp\/v2\/pages"}],"about":[{"href":"https:\/\/www.hinet.gmbh\/index.php?rest_route=\/wp\/v2\/types\/page"}],"author":[{"embeddable":true,"href":"https:\/\/www.hinet.gmbh\/index.php?rest_route=\/wp\/v2\/users\/2"}],"replies":[{"embeddable":true,"href":"https:\/\/www.hinet.gmbh\/index.php?rest_route=%2Fwp%2Fv2%2Fcomments&post=2120"}],"version-history":[{"count":166,"href":"https:\/\/www.hinet.gmbh\/index.php?rest_route=\/wp\/v2\/pages\/2120\/revisions"}],"predecessor-version":[{"id":2585,"href":"https:\/\/www.hinet.gmbh\/index.php?rest_route=\/wp\/v2\/pages\/2120\/revisions\/2585"}],"wp:attachment":[{"href":"https:\/\/www.hinet.gmbh\/index.php?rest_route=%2Fwp%2Fv2%2Fmedia&parent=2120"}],"curies":[{"name":"wp","href":"https:\/\/api.w.org\/{rel}","templated":true}]}}