{"id":2128,"date":"2020-03-20T14:20:52","date_gmt":"2020-03-20T14:20:52","guid":{"rendered":"http:\/\/s817620470.online.de\/?page_id=2128"},"modified":"2020-05-26T09:32:21","modified_gmt":"2020-05-26T08:32:21","slug":"iot","status":"publish","type":"page","link":"https:\/\/www.hinet.gmbh\/?page_id=2128","title":{"rendered":"IoT"},"content":{"rendered":"<section class=\"wpb-content-wrapper\"><p>[vc_row][vc_column][vc_column_text]<\/p>\r\n<h1><span style=\"font-family: tahoma, arial, helvetica, sans-serif; color: #777777;\">IoT \u2013 alles vernetzt<\/span><\/h1>\r\n<p><span style=\"font-family: tahoma, arial, helvetica, sans-serif; color: #777777;\">\u00a0<\/span><\/p>\r\n<p style=\"text-align: justify;\"><span style=\"font-family: tahoma, arial, helvetica, sans-serif; font-size: 14pt; color: #777777;\">IoT, Internet of Things ist ein Begriff, der nicht einfach zu definieren ist. &#8222;Man nehme alle Dinge dieser Welt und verbinde sie durch das Internet miteinander.&#8220; Dies ist wohl ein recht simpler Ansatz.<\/span><\/p>\r\n<p style=\"text-align: justify;\"><span style=\"font-family: tahoma, arial, helvetica, sans-serif; font-size: 14pt; color: #777777;\">F\u00fcr Sie ist wichtig zu wissen, dass IoT eine Chance sein kann f\u00fcr Ihr Unternehmen. Eine M\u00f6glichkeit Prozesse Ihres Unternehmens zu optimieren und automatisieren, indem Informationen gesammelt und direkt vor Ort oder sp\u00e4ter beliebig verarbeitet werden k\u00f6nnen. Und auf Basis dieser Informationen k\u00f6nnen wieder Entscheidungen automatisiert oder in Absprache mit Ihnen getroffen werden.<\/span><\/p>\r\n<p style=\"text-align: justify;\"><span style=\"font-family: tahoma, arial, helvetica, sans-serif; font-size: 14pt; color: #777777;\">Mit folgendem Beispiel l\u00e4sst sich dies verdeutlichen:<\/span><\/p>\r\n<p style=\"text-align: justify;\"><span style=\"font-family: tahoma, arial, helvetica, sans-serif; font-size: 14pt; color: #777777;\">Stellen Sie sich ein Agrarunternehmen vor, dass viele Hektar Land bewirtschaftet. Das Land ist weitl\u00e4ufig in einem Bundesland verstreut. Die Herausforderungen f\u00fcr den Bewirtschafter sind vielf\u00e4ltig. Er wei\u00df nicht, wo es schon ausreichend geregnet hat und welche Saat nun gerade wo welche Feuchtigkeit im Boden hat. Au\u00dferdem kann er und seine Mitarbeiter nicht \u00fcberall gleichzeitig sein und den Bedarf an Wasser und m\u00f6glicherweise auch D\u00fcnger feststellen.<\/span><\/p>\r\n<p style=\"text-align: justify;\"><span style=\"font-family: tahoma, arial, helvetica, sans-serif; font-size: 14pt; color: #777777;\">Hier wird nun ein IoT-System implementiert. An den verschiedenen Bewirtschaftungsfl\u00e4chen werden Sensoren im Boden und in der Luft installiert. Diese werden je nach M\u00f6glichkeit an ein Strom- und Datenleitungsnetz angeschlossen. Dort wo dies nicht m\u00f6glich ist, werden akku-betriebene Ger\u00e4te eingesetzt und mit einer mobilen Datenverbindung an einen Hotspot oder an ein Satellitennetz angeschlossen. Die Daten werden nun entweder am Ger\u00e4t oder am Hotspot direkt oder teilweise ausgewertet und ganz oder teilweise weitergeleitet und in einem Rechenzentrum bearbeitet.<\/span><\/p>\r\n<p style=\"text-align: justify;\"><span style=\"font-family: tahoma, arial, helvetica, sans-serif; font-size: 14pt; color: #777777;\">Auf Basis der ausgewerteten Daten kann nun automatisiert vom System ein Hinweis gegeben werden, dass die Boden-Feuchtigkeit nicht ausreicht oder beispielsweise nicht gen\u00fcgend D\u00fcnger im Boden vorhanden ist. Als weiterf\u00fchrendes System w\u00e4re nun eine automatisierte D\u00fcnger- oder Bew\u00e4sserungsanlage denkbar.<\/span><\/p>\r\n<p style=\"text-align: justify;\"><span style=\"font-family: tahoma, arial, helvetica, sans-serif; font-size: 14pt; color: #777777;\">Dies ist nur ein Beispiel von vielen. Lassen Sie uns mit Ihnen gemeinsam auf Ihre Unternehmensprozesse schauen und Ihnen helfen diese mit IoT-L\u00f6sungen neu zu definieren.<\/span><\/p>\r\n\r\n<p>&nbsp;<\/p>\r\n<p>[\/vc_column_text][\/vc_column][\/vc_row]<\/p><\/section>","protected":false},"excerpt":{"rendered":"<p>[vc_row][vc_column][vc_column_text] IoT \u2013 alles vernetzt \u00a0 IoT, Internet of Things ist ein Begriff, der nicht einfach zu definieren ist. &#8222;Man nehme alle Dinge dieser Welt und verbinde sie durch das Internet miteinander.&#8220; Dies ist wohl ein recht simpler Ansatz. F\u00fcr Sie ist wichtig zu wissen, dass IoT eine Chance sein kann f\u00fcr Ihr Unternehmen. Eine&hellip;<\/p>\n","protected":false},"author":2,"featured_media":0,"parent":0,"menu_order":0,"comment_status":"closed","ping_status":"closed","template":"","meta":[],"_links":{"self":[{"href":"https:\/\/www.hinet.gmbh\/index.php?rest_route=\/wp\/v2\/pages\/2128"}],"collection":[{"href":"https:\/\/www.hinet.gmbh\/index.php?rest_route=\/wp\/v2\/pages"}],"about":[{"href":"https:\/\/www.hinet.gmbh\/index.php?rest_route=\/wp\/v2\/types\/page"}],"author":[{"embeddable":true,"href":"https:\/\/www.hinet.gmbh\/index.php?rest_route=\/wp\/v2\/users\/2"}],"replies":[{"embeddable":true,"href":"https:\/\/www.hinet.gmbh\/index.php?rest_route=%2Fwp%2Fv2%2Fcomments&post=2128"}],"version-history":[{"count":12,"href":"https:\/\/www.hinet.gmbh\/index.php?rest_route=\/wp\/v2\/pages\/2128\/revisions"}],"predecessor-version":[{"id":2450,"href":"https:\/\/www.hinet.gmbh\/index.php?rest_route=\/wp\/v2\/pages\/2128\/revisions\/2450"}],"wp:attachment":[{"href":"https:\/\/www.hinet.gmbh\/index.php?rest_route=%2Fwp%2Fv2%2Fmedia&parent=2128"}],"curies":[{"name":"wp","href":"https:\/\/api.w.org\/{rel}","templated":true}]}}