{"id":2135,"date":"2020-03-20T14:22:30","date_gmt":"2020-03-20T14:22:30","guid":{"rendered":"http:\/\/s817620470.online.de\/?page_id=2135"},"modified":"2020-05-26T09:33:14","modified_gmt":"2020-05-26T08:33:14","slug":"microsoft-365","status":"publish","type":"page","link":"https:\/\/www.hinet.gmbh\/?page_id=2135","title":{"rendered":"Microsoft 365"},"content":{"rendered":"<section class=\"wpb-content-wrapper\"><p>[vc_row][vc_column][vc_column_text]<\/p>\n<h1><span style=\"font-family: tahoma, arial, helvetica, sans-serif; color: #777777;\">Microsoft 365 &#8211; Die Welt in der Cloud<\/span><\/h1>\n<p>&nbsp;<\/p>\n<p style=\"text-align: justify;\"><span style=\"font-family: tahoma, arial, helvetica, sans-serif; font-size: 14pt; color: #777777;\">Die Office Reihe des Anbieters Microsoft kombiniert verschiedene Desktop Anwendungen und Online Services. Diese k\u00f6nnen durch die richtige Lizenzierung dem Bedarf des Unternehmens und der jeweiligen Umgebung angepasst werden. Wir empfehlen eine umfassende Beratung, damit Sie bedarfsorientiert und kosteneffizient arbeiten.<\/span><\/p>\n<p style=\"text-align: justify;\"><span style=\"font-family: tahoma, arial, helvetica, sans-serif; font-size: 14pt; color: #777777;\">Die Applikationen umfassen bekannte Office-Webanwendungen und Office-Software, wie Word, Excel, PowerPoint und Outlook. Die Webanwendungen sind \u00fcber einen Browser auf beliebigen Betriebssystemen einsetzbar. Dar\u00fcber hinaus bietet Microsoft 365 Speicherdienste und Kollaborationstools, welche die Kommunikation und Zusammenarbeit durch das Teilen und automatische Speichern erleichtern.<\/span><\/p>\n<p style=\"text-align: justify;\"><span style=\"font-family: tahoma, arial, helvetica, sans-serif; font-size: 14pt; color: #777777;\">Die Cloud-basierte L\u00f6sung l\u00e4sst sich sehr flexibel dem Bedarf anpassen. Somit sind je nach gew\u00e4hltem Paket schon Dateispeicherung und Freigabe in der deutschen Cloud vorhanden, nat\u00fcrlich DSGVO konform. Damit Sie bei den vielen Applikationen nicht den \u00dcberblick verlieren, k\u00f6nnen Sie uns jederzeit gerne kontaktieren. Wir m\u00f6chten, dass Sie genau die Applikationen in Ihren Unternehmensalltag integrieren, die f\u00fcr Sie den besten Nutzen stiften.<\/span><\/p>\n<p>[\/vc_column_text][\/vc_column][\/vc_row]<\/p>\n<\/section>","protected":false},"excerpt":{"rendered":"<p>[vc_row][vc_column][vc_column_text] Microsoft 365 &#8211; Die Welt in der Cloud &nbsp; Die Office Reihe des Anbieters Microsoft kombiniert verschiedene Desktop Anwendungen und Online Services. Diese k\u00f6nnen durch die richtige Lizenzierung dem Bedarf des Unternehmens und der jeweiligen Umgebung angepasst werden. Wir empfehlen eine umfassende Beratung, damit Sie bedarfsorientiert und kosteneffizient arbeiten. Die Applikationen umfassen bekannte Office-Webanwendungen&hellip;<\/p>\n","protected":false},"author":2,"featured_media":0,"parent":0,"menu_order":0,"comment_status":"closed","ping_status":"closed","template":"","meta":[],"_links":{"self":[{"href":"https:\/\/www.hinet.gmbh\/index.php?rest_route=\/wp\/v2\/pages\/2135"}],"collection":[{"href":"https:\/\/www.hinet.gmbh\/index.php?rest_route=\/wp\/v2\/pages"}],"about":[{"href":"https:\/\/www.hinet.gmbh\/index.php?rest_route=\/wp\/v2\/types\/page"}],"author":[{"embeddable":true,"href":"https:\/\/www.hinet.gmbh\/index.php?rest_route=\/wp\/v2\/users\/2"}],"replies":[{"embeddable":true,"href":"https:\/\/www.hinet.gmbh\/index.php?rest_route=%2Fwp%2Fv2%2Fcomments&post=2135"}],"version-history":[{"count":13,"href":"https:\/\/www.hinet.gmbh\/index.php?rest_route=\/wp\/v2\/pages\/2135\/revisions"}],"predecessor-version":[{"id":2451,"href":"https:\/\/www.hinet.gmbh\/index.php?rest_route=\/wp\/v2\/pages\/2135\/revisions\/2451"}],"wp:attachment":[{"href":"https:\/\/www.hinet.gmbh\/index.php?rest_route=%2Fwp%2Fv2%2Fmedia&parent=2135"}],"curies":[{"name":"wp","href":"https:\/\/api.w.org\/{rel}","templated":true}]}}