{"id":2137,"date":"2020-03-20T14:23:02","date_gmt":"2020-03-20T14:23:02","guid":{"rendered":"http:\/\/s817620470.online.de\/?page_id=2137"},"modified":"2020-05-26T09:29:39","modified_gmt":"2020-05-26T08:29:39","slug":"cloud-services","status":"publish","type":"page","link":"https:\/\/www.hinet.gmbh\/?page_id=2137","title":{"rendered":"Cloud Services"},"content":{"rendered":"<section class=\"wpb-content-wrapper\"><p>[vc_row][vc_column][vc_column_text]<\/p>\n<div class=\"neo-organism neo-organism--default neo-grid__cell_xs-12 neo-grid__cell_sm-12 neo-grid__cell_md-12 neo-grid__cell_lg-7 \">\n<div class=\"neo-richText\">\n<h1 style=\"text-align: justify;\"><span style=\"font-family: tahoma, arial, helvetica, sans-serif; font-size: 36pt; color: #777777;\">Cloud Services \u2013 die Welt in der Cloud<\/span><\/h1>\n<p>&nbsp;<\/p>\n<p style=\"text-align: justify;\"><span style=\"font-family: tahoma, arial, helvetica, sans-serif; font-size: 14pt; color: #777777;\">In Zukunft werden wir Daten wohl nur noch in der Cloud abspeichern oder dort Dienstleistungen buchen. Mittlerweile sind die M\u00f6glichkeiten hierbei fast unbegrenzt. Die Dienstleistungen erstrecken sich dabei von Backup-Speicherdiensten \u00fcber Datenbanken bis hin zur Virtual Machine L\u00f6sungen. Bei vielen Herstellern, wie auch bei Microsoft, buchen Sie Ihre Lizenzen f\u00fcr Applikationen mittlerweile zumeist als Cloud-Dienst.<\/span><\/p>\n<p style=\"text-align: justify;\"><span style=\"font-family: tahoma, arial, helvetica, sans-serif; font-size: 14pt; color: #777777;\">Viele Unternehmen haben noch eine ausgepr\u00e4gte IT-Infrastruktur, die sich auf eigene Systeme st\u00fctzt. Dies ist jedoch kein Hindernis, denn eine hybride Struktur, also ein Aufbau von lokalen und cloud-basierten Diensten kann auch eine lukrative L\u00f6sung darstellen. Mit unseren Experten analysieren wir Ihre IT-Umgebung und k\u00f6nnen Ihnen dann eine passende Konstellation anbieten.<\/span><\/p>\n<\/div>\n<\/div>\n<p>[\/vc_column_text][\/vc_column][\/vc_row]<\/p>\n<\/section>","protected":false},"excerpt":{"rendered":"<p>[vc_row][vc_column][vc_column_text] Cloud Services \u2013 die Welt in der Cloud &nbsp; In Zukunft werden wir Daten wohl nur noch in der Cloud abspeichern oder dort Dienstleistungen buchen. Mittlerweile sind die M\u00f6glichkeiten hierbei fast unbegrenzt. Die Dienstleistungen erstrecken sich dabei von Backup-Speicherdiensten \u00fcber Datenbanken bis hin zur Virtual Machine L\u00f6sungen. Bei vielen Herstellern, wie auch bei Microsoft,&hellip;<\/p>\n","protected":false},"author":2,"featured_media":0,"parent":0,"menu_order":0,"comment_status":"closed","ping_status":"closed","template":"","meta":[],"_links":{"self":[{"href":"https:\/\/www.hinet.gmbh\/index.php?rest_route=\/wp\/v2\/pages\/2137"}],"collection":[{"href":"https:\/\/www.hinet.gmbh\/index.php?rest_route=\/wp\/v2\/pages"}],"about":[{"href":"https:\/\/www.hinet.gmbh\/index.php?rest_route=\/wp\/v2\/types\/page"}],"author":[{"embeddable":true,"href":"https:\/\/www.hinet.gmbh\/index.php?rest_route=\/wp\/v2\/users\/2"}],"replies":[{"embeddable":true,"href":"https:\/\/www.hinet.gmbh\/index.php?rest_route=%2Fwp%2Fv2%2Fcomments&post=2137"}],"version-history":[{"count":15,"href":"https:\/\/www.hinet.gmbh\/index.php?rest_route=\/wp\/v2\/pages\/2137\/revisions"}],"predecessor-version":[{"id":2441,"href":"https:\/\/www.hinet.gmbh\/index.php?rest_route=\/wp\/v2\/pages\/2137\/revisions\/2441"}],"wp:attachment":[{"href":"https:\/\/www.hinet.gmbh\/index.php?rest_route=%2Fwp%2Fv2%2Fmedia&parent=2137"}],"curies":[{"name":"wp","href":"https:\/\/api.w.org\/{rel}","templated":true}]}}