{"id":2592,"date":"2020-12-20T23:10:16","date_gmt":"2020-12-20T22:10:16","guid":{"rendered":"https:\/\/www.hinet.gmbh\/?page_id=2592"},"modified":"2020-12-20T23:20:35","modified_gmt":"2020-12-20T22:20:35","slug":"karriere","status":"publish","type":"page","link":"https:\/\/www.hinet.gmbh\/?page_id=2592","title":{"rendered":"Karriere"},"content":{"rendered":"<p><span style=\"font-family: tahoma, arial, helvetica, sans-serif; font-size: 36pt; color: #777777;\">Deine Karriere bei uns&#8230;<\/span><\/p>\n<p>&nbsp;<\/p>\n<p><span style=\"font-family: tahoma, arial, helvetica, sans-serif; font-size: 14pt; color: #777777;\">Hier findest du unsere Stellenanzeigen. Wir sind st\u00e4ndig auf der Suche nach Teamplayern, die zu uns passen. Solltest du keine passende Stelle finden, kannst du dich nat\u00fcrlich jederzeit gerne initiativ bewerben. Sende uns deine aussagekr\u00e4ftigen Bewerbungsunterlagen dazu an: info(at)hinet.gmbh.<\/span><\/p>\n","protected":false},"excerpt":{"rendered":"<p>Deine Karriere bei uns&#8230; &nbsp; Hier findest du unsere Stellenanzeigen. Wir sind st\u00e4ndig auf der Suche nach Teamplayern, die zu uns passen. Solltest du keine passende Stelle finden, kannst du dich nat\u00fcrlich jederzeit gerne initiativ bewerben. Sende uns deine aussagekr\u00e4ftigen Bewerbungsunterlagen dazu an: info(at)hinet.gmbh.<\/p>\n","protected":false},"author":2,"featured_media":0,"parent":0,"menu_order":0,"comment_status":"closed","ping_status":"closed","template":"","meta":[],"_links":{"self":[{"href":"https:\/\/www.hinet.gmbh\/index.php?rest_route=\/wp\/v2\/pages\/2592"}],"collection":[{"href":"https:\/\/www.hinet.gmbh\/index.php?rest_route=\/wp\/v2\/pages"}],"about":[{"href":"https:\/\/www.hinet.gmbh\/index.php?rest_route=\/wp\/v2\/types\/page"}],"author":[{"embeddable":true,"href":"https:\/\/www.hinet.gmbh\/index.php?rest_route=\/wp\/v2\/users\/2"}],"replies":[{"embeddable":true,"href":"https:\/\/www.hinet.gmbh\/index.php?rest_route=%2Fwp%2Fv2%2Fcomments&post=2592"}],"version-history":[{"count":8,"href":"https:\/\/www.hinet.gmbh\/index.php?rest_route=\/wp\/v2\/pages\/2592\/revisions"}],"predecessor-version":[{"id":2604,"href":"https:\/\/www.hinet.gmbh\/index.php?rest_route=\/wp\/v2\/pages\/2592\/revisions\/2604"}],"wp:attachment":[{"href":"https:\/\/www.hinet.gmbh\/index.php?rest_route=%2Fwp%2Fv2%2Fmedia&parent=2592"}],"curies":[{"name":"wp","href":"https:\/\/api.w.org\/{rel}","templated":true}]}}